{"id":297,"date":"2023-12-21T16:47:23","date_gmt":"2023-12-21T14:47:23","guid":{"rendered":"https:\/\/lagunonak.eus\/?page_id=297"},"modified":"2023-12-22T22:06:27","modified_gmt":"2023-12-22T20:06:27","slug":"historia","status":"publish","type":"page","link":"https:\/\/lagunonak.eus\/es\/club\/historia\/","title":{"rendered":"Historia"},"content":{"rendered":"<p>El Club Deportivo Lagun Onak es el Club Deportivo de F\u00fatbol de Azpeitia.<\/p>\n<p>El a\u00f1o 1944 se fund\u00f3 el Lagun Onak oficialmente. Con antelaci\u00f3n, equipos de f\u00fatbol no federados, exhibieron el mismo nombre en Azpeitia. De la misma forma que, mucho antes, durante los a\u00f1os veinte, existi\u00f3 un equipo denominado Uni\u00f3n azpeitiana.<br \/>\nSu primera temporada oficial en competici\u00f3n fue la de 1944\/45, en primera regional, consiguiendo en 1975 ascender por primera vez a categor\u00eda nacional, alcanzando la Tercera Divisi\u00f3n.<\/p>\n<p>Actualmente tenemos varios equipos que juegan en distintas categor\u00edas.<\/p>\n<p>De las filas del Lagun Onak han salido algunos jugadores que han jugado en la Primera Divisi\u00f3n, como Juan Antonio Larra\u00f1aga, Mikel Aranburu, Mikel Labaka, Tom\u00e1s Orbegozo o Juanin Zendoia (portero). Tambi\u00e9n el entrenador Xabier Azkargorta, ex seleccionador nacional de Bolivia y Chile comenz\u00f3 entrenando en nuestro club.<\/p>\n<p>&nbsp;<\/p>\n<h2 class=\"lehendakariak\" style=\"text-align: center; margin-bottom:30px;\">Presidentes<\/h2>\n<div class=\"historia d-flex flex-wrap justify-center\">\n<img loading=\"lazy\" decoding=\"async\" class=\"alignnone size-full wp-image-156\" src=\"https:\/\/lagunonak.eus\/wp-content\/uploads\/2023\/12\/InigoArregi.jpg\" alt=\"Inigo Arregi\" width=\"160\" height=\"210\" style=\"padding:6px\" \/><br \/>\n<img loading=\"lazy\" decoding=\"async\" class=\"alignnone size-full wp-image-171\" src=\"https:\/\/lagunonak.eus\/wp-content\/uploads\/2023\/12\/MikelIzurieta.jpg\" alt=\"Mikel Izurieta\" width=\"160\" height=\"210\" style=\"padding:6px\" \/><br \/>\n<img loading=\"lazy\" decoding=\"async\" class=\"alignnone size-full wp-image-164\" src=\"https:\/\/lagunonak.eus\/wp-content\/uploads\/2023\/12\/JMLarranaga2.jpg\" alt=\"JM Larranaga\" width=\"160\" height=\"210\" style=\"padding:6px\" \/><br \/>\n<img loading=\"lazy\" decoding=\"async\" class=\"alignnone size-full wp-image-161\" src=\"https:\/\/lagunonak.eus\/wp-content\/uploads\/2023\/12\/JMEizagirre.jpg\" alt=\"\" width=\"160\" height=\"210\" style=\"padding:6px\" \/><br \/>\n<img loading=\"lazy\" decoding=\"async\" class=\"alignnone size-full wp-image-160\" src=\"https:\/\/lagunonak.eus\/wp-content\/uploads\/2023\/12\/JesusEgiguren.jpg\" alt=\"Jesus Egiguren\" width=\"160\" height=\"210\" style=\"padding:6px\" \/><br \/>\n<img loading=\"lazy\" decoding=\"async\" class=\"alignnone size-full wp-image-162\" src=\"https:\/\/lagunonak.eus\/wp-content\/uploads\/2023\/12\/JMGarmendia.jpg\" alt=\"JM Garmendia\" width=\"160\" height=\"210\" style=\"padding:6px\" \/><br \/>\n<img loading=\"lazy\" decoding=\"async\" class=\"alignnone size-full wp-image-149\" src=\"https:\/\/lagunonak.eus\/wp-content\/uploads\/2023\/12\/FidelRodriguez.jpg\" alt=\"Fidel Rodriguez\" width=\"160\" height=\"210\" style=\"padding:6px\" \/><br \/>\n<img loading=\"lazy\" decoding=\"async\" class=\"alignnone size-full wp-image-172\" src=\"https:\/\/lagunonak.eus\/wp-content\/uploads\/2023\/12\/PakoIbarzabal.jpg\" alt=\"Pako Ibarzabal\" width=\"160\" height=\"210\" style=\"padding:6px\" \/><br \/>\n<img loading=\"lazy\" decoding=\"async\" class=\"alignnone size-full wp-image-178\" src=\"https:\/\/lagunonak.eus\/wp-content\/uploads\/2023\/12\/XabierArregi.jpg\" alt=\"Xabier Arregi\" width=\"160\" height=\"210\" style=\"padding:6px\" \/><br \/>\n<img loading=\"lazy\" decoding=\"async\" class=\"alignnone size-full wp-image-170\" src=\"https:\/\/lagunonak.eus\/wp-content\/uploads\/2023\/12\/LuisEizmendi.jpg\" alt=\"Luis Eizmendi\" width=\"160\" height=\"210\" style=\"padding:6px\" \/><br \/>\n<img loading=\"lazy\" decoding=\"async\" class=\"alignnone size-full wp-image-159\" src=\"https:\/\/lagunonak.eus\/wp-content\/uploads\/2023\/12\/JavierGuibert.jpg\" alt=\"Javier Guibert\" width=\"160\" height=\"210\" style=\"padding:6px\" \/><br \/>\n<img loading=\"lazy\" decoding=\"async\" class=\"alignnone size-full wp-image-168\" src=\"https:\/\/lagunonak.eus\/wp-content\/uploads\/2023\/12\/JustoOyarzabal.jpg\" alt=\"Justo Oyarzabal\" width=\"160\" height=\"210\" style=\"padding:6px\" \/><br \/>\n<img loading=\"lazy\" decoding=\"async\" class=\"alignnone size-full wp-image-161\" src=\"https:\/\/lagunonak.eus\/wp-content\/uploads\/2023\/12\/JMEizagirre.jpg\" alt=\"\" width=\"160\" height=\"210\" style=\"padding:6px\" \/><br \/>\n<img loading=\"lazy\" decoding=\"async\" class=\"alignnone size-full wp-image-153\" src=\"https:\/\/lagunonak.eus\/wp-content\/uploads\/2023\/12\/IgnacioPrat.jpg\" alt=\"Ignacio Prat\" width=\"160\" height=\"210\" style=\"padding:6px\" \/><br \/>\n<img loading=\"lazy\" decoding=\"async\" class=\"alignnone size-full wp-image-175\" src=\"https:\/\/lagunonak.eus\/wp-content\/uploads\/2023\/12\/RamonNazabal.jpg\" alt=\"Ramon Nazabal\" width=\"160\" height=\"210\" style=\"padding:6px\" \/><br \/>\n<img loading=\"lazy\" decoding=\"async\" class=\"alignnone size-full wp-image-165\" src=\"https:\/\/lagunonak.eus\/wp-content\/uploads\/2023\/12\/JMZinkunegi.jpg\" alt=\"JM Zinkunegi\" width=\"160\" height=\"210\" style=\"padding:6px\" \/><br \/>\n<img loading=\"lazy\" decoding=\"async\" class=\"alignnone size-full wp-image-148\" src=\"https:\/\/lagunonak.eus\/wp-content\/uploads\/2023\/12\/EstanizIriarte.jpg\" alt=\"Estaniz Iriarte\" width=\"160\" height=\"210\" style=\"padding:6px\" \/><br \/>\n<img loading=\"lazy\" decoding=\"async\" class=\"alignnone size-full wp-image-173\" src=\"https:\/\/lagunonak.eus\/wp-content\/uploads\/2023\/12\/PedroElorza.jpg\" alt=\"Pedro Elorza\" width=\"160\" height=\"210\" style=\"padding:6px\" \/><br \/>\n<img loading=\"lazy\" decoding=\"async\" class=\"alignnone size-full wp-image-169\" src=\"https:\/\/lagunonak.eus\/wp-content\/uploads\/2023\/12\/LorenzoIzagirre.jpg\" alt=\"Lorenzo Izagirre\" width=\"160\" height=\"210\" style=\"padding:6px\" \/><br \/>\n<img loading=\"lazy\" decoding=\"async\" class=\"alignnone size-full wp-image-176\" src=\"https:\/\/lagunonak.eus\/wp-content\/uploads\/2023\/12\/RomuloAlvarez.jpg\" alt=\"R\u00f3mulo \u00c1lvarez\" width=\"160\" height=\"210\" style=\"padding:6px\" \/><br \/>\n<img loading=\"lazy\" decoding=\"async\" class=\"alignnone size-full wp-image-147\" src=\"https:\/\/lagunonak.eus\/wp-content\/uploads\/2023\/12\/ErnestoAgirre.jpg\" alt=\"Ernesto Agirre\" width=\"160\" height=\"210\" style=\"padding:6px\" \/><br \/>\n<img loading=\"lazy\" decoding=\"async\" class=\"alignnone size-full wp-image-155\" src=\"https:\/\/lagunonak.eus\/wp-content\/uploads\/2023\/12\/InakiUrkia.jpg\" alt=\"Inaki Urkia\" width=\"160\" height=\"210\" style=\"padding:6px\" \/><br \/>\n<img loading=\"lazy\" decoding=\"async\" class=\"alignnone size-full wp-image-177\" src=\"https:\/\/lagunonak.eus\/wp-content\/uploads\/2023\/12\/TomasIriarte.jpg\" alt=\"Tomas Iriarte\" width=\"160\" height=\"210\" style=\"padding:6px\" \/><br \/>\n<img loading=\"lazy\" decoding=\"async\" class=\"alignnone size-full wp-image-174\" src=\"https:\/\/lagunonak.eus\/wp-content\/uploads\/2023\/12\/RamonGoenaga.jpg\" alt=\"Ramon Goenaga\" width=\"160\" height=\"210\" style=\"padding:6px\" \/><br \/>\n<img loading=\"lazy\" decoding=\"async\" class=\"alignnone size-full wp-image-166\" src=\"https:\/\/lagunonak.eus\/wp-content\/uploads\/2023\/12\/JoseAizpuru.jpg\" alt=\"Jose Aizpuru\" width=\"160\" height=\"210\" style=\"padding:6px\" \/><br \/>\n<img loading=\"lazy\" decoding=\"async\" class=\"alignnone size-full wp-image-151\" src=\"https:\/\/lagunonak.eus\/wp-content\/uploads\/2023\/12\/IgnacioEgana.jpg\" alt=\"Ignacio Egana\" width=\"160\" height=\"210\" style=\"padding:6px\" \/><br \/>\n<img loading=\"lazy\" decoding=\"async\" class=\"alignnone size-full wp-image-167\" src=\"https:\/\/lagunonak.eus\/wp-content\/uploads\/2023\/12\/JuanAlberdi.jpg\" alt=\"Juan Alberdi\" width=\"160\" height=\"210\" style=\"padding:6px\" \/>\n<\/div>\n","protected":false},"excerpt":{"rendered":"<p>El Club Deportivo Lagun Onak es el Club Deportivo de F\u00fatbol de Azpeitia. El a\u00f1o 1944 se fund\u00f3 el Lagun Onak oficialmente. Con antelaci\u00f3n, equipos de f\u00fatbol no federados, exhibieron el mismo nombre en Azpeitia. De la misma forma que, mucho antes, durante los a\u00f1os veinte, existi\u00f3 un equipo denominado Uni\u00f3n azpeitiana. Su primera temporada [&hellip;]<\/p>\n","protected":false},"author":1,"featured_media":246,"parent":310,"menu_order":0,"comment_status":"closed","ping_status":"closed","template":"template-legala.php","meta":{"_acf_changed":false,"footnotes":""},"class_list":["post-297","page","type-page","status-publish","has-post-thumbnail","hentry"],"acf":[],"yoast_head":"<!-- This site is optimized with the Yoast SEO plugin v26.3 - https:\/\/yoast.com\/wordpress\/plugins\/seo\/ -->\n<title>Historia - Lagun Onak Futbol Taldea<\/title>\n<meta name=\"robots\" content=\"index, follow, max-snippet:-1, max-image-preview:large, max-video-preview:-1\" \/>\n<link rel=\"canonical\" href=\"https:\/\/lagunonak.eus\/es\/club\/historia\/\" \/>\n<meta property=\"og:locale\" content=\"es_ES\" \/>\n<meta property=\"og:type\" content=\"article\" \/>\n<meta property=\"og:title\" content=\"Historia - Lagun Onak Futbol Taldea\" \/>\n<meta property=\"og:description\" content=\"El Club Deportivo Lagun Onak es el Club Deportivo de F\u00fatbol de Azpeitia. El a\u00f1o 1944 se fund\u00f3 el Lagun Onak oficialmente. Con antelaci\u00f3n, equipos de f\u00fatbol no federados, exhibieron el mismo nombre en Azpeitia. De la misma forma que, mucho antes, durante los a\u00f1os veinte, existi\u00f3 un equipo denominado Uni\u00f3n azpeitiana. Su primera temporada [&hellip;]\" \/>\n<meta property=\"og:url\" content=\"https:\/\/lagunonak.eus\/es\/club\/historia\/\" \/>\n<meta property=\"og:site_name\" content=\"Lagun Onak Futbol Taldea\" \/>\n<meta property=\"article:modified_time\" content=\"2023-12-22T20:06:27+00:00\" \/>\n<meta property=\"og:image\" content=\"https:\/\/lagunonak.eus\/wp-content\/uploads\/2023\/12\/goiburu_legala.png\" \/>\n\t<meta property=\"og:image:width\" content=\"1920\" \/>\n\t<meta property=\"og:image:height\" content=\"320\" \/>\n\t<meta property=\"og:image:type\" content=\"image\/png\" \/>\n<meta name=\"twitter:card\" content=\"summary_large_image\" \/>\n<meta name=\"twitter:label1\" content=\"Est. reading time\" \/>\n\t<meta name=\"twitter:data1\" content=\"7 minutes\" \/>\n<script type=\"application\/ld+json\" class=\"yoast-schema-graph\">{\"@context\":\"https:\/\/schema.org\",\"@graph\":[{\"@type\":\"WebPage\",\"@id\":\"https:\/\/lagunonak.eus\/es\/club\/historia\/\",\"url\":\"https:\/\/lagunonak.eus\/es\/club\/historia\/\",\"name\":\"Historia - Lagun Onak Futbol Taldea\",\"isPartOf\":{\"@id\":\"https:\/\/lagunonak.eus\/es\/#website\"},\"primaryImageOfPage\":{\"@id\":\"https:\/\/lagunonak.eus\/es\/club\/historia\/#primaryimage\"},\"image\":{\"@id\":\"https:\/\/lagunonak.eus\/es\/club\/historia\/#primaryimage\"},\"thumbnailUrl\":\"https:\/\/lagunonak.eus\/wp-content\/uploads\/2023\/12\/goiburu_legala.png\",\"datePublished\":\"2023-12-21T14:47:23+00:00\",\"dateModified\":\"2023-12-22T20:06:27+00:00\",\"breadcrumb\":{\"@id\":\"https:\/\/lagunonak.eus\/es\/club\/historia\/#breadcrumb\"},\"inLanguage\":\"es-ES\",\"potentialAction\":[{\"@type\":\"ReadAction\",\"target\":[\"https:\/\/lagunonak.eus\/es\/club\/historia\/\"]}]},{\"@type\":\"ImageObject\",\"inLanguage\":\"es-ES\",\"@id\":\"https:\/\/lagunonak.eus\/es\/club\/historia\/#primaryimage\",\"url\":\"https:\/\/lagunonak.eus\/wp-content\/uploads\/2023\/12\/goiburu_legala.png\",\"contentUrl\":\"https:\/\/lagunonak.eus\/wp-content\/uploads\/2023\/12\/goiburu_legala.png\",\"width\":1920,\"height\":320},{\"@type\":\"BreadcrumbList\",\"@id\":\"https:\/\/lagunonak.eus\/es\/club\/historia\/#breadcrumb\",\"itemListElement\":[{\"@type\":\"ListItem\",\"position\":1,\"name\":\"Home\",\"item\":\"https:\/\/lagunonak.eus\/es\/\"},{\"@type\":\"ListItem\",\"position\":2,\"name\":\"Historia\"}]},{\"@type\":\"WebSite\",\"@id\":\"https:\/\/lagunonak.eus\/es\/#website\",\"url\":\"https:\/\/lagunonak.eus\/es\/\",\"name\":\"Lagun Onak Futbol Taldea\",\"description\":\"\",\"publisher\":{\"@id\":\"https:\/\/lagunonak.eus\/es\/#organization\"},\"potentialAction\":[{\"@type\":\"SearchAction\",\"target\":{\"@type\":\"EntryPoint\",\"urlTemplate\":\"https:\/\/lagunonak.eus\/es\/?s={search_term_string}\"},\"query-input\":{\"@type\":\"PropertyValueSpecification\",\"valueRequired\":true,\"valueName\":\"search_term_string\"}}],\"inLanguage\":\"es-ES\"},{\"@type\":\"Organization\",\"@id\":\"https:\/\/lagunonak.eus\/es\/#organization\",\"name\":\"Lagun Onak Futbol Taldea\",\"url\":\"https:\/\/lagunonak.eus\/es\/\",\"logo\":{\"@type\":\"ImageObject\",\"inLanguage\":\"es-ES\",\"@id\":\"https:\/\/lagunonak.eus\/es\/#\/schema\/logo\/image\/\",\"url\":\"https:\/\/lagunonak.eus\/wp-content\/uploads\/2023\/11\/LagunOnakLogoa.png\",\"contentUrl\":\"https:\/\/lagunonak.eus\/wp-content\/uploads\/2023\/11\/LagunOnakLogoa.png\",\"width\":350,\"height\":100,\"caption\":\"Lagun Onak Futbol Taldea\"},\"image\":{\"@id\":\"https:\/\/lagunonak.eus\/es\/#\/schema\/logo\/image\/\"}}]}<\/script>\n<!-- \/ Yoast SEO plugin. -->","yoast_head_json":{"title":"Historia - Lagun Onak Futbol Taldea","robots":{"index":"index","follow":"follow","max-snippet":"max-snippet:-1","max-image-preview":"max-image-preview:large","max-video-preview":"max-video-preview:-1"},"canonical":"https:\/\/lagunonak.eus\/es\/club\/historia\/","og_locale":"es_ES","og_type":"article","og_title":"Historia - Lagun Onak Futbol Taldea","og_description":"El Club Deportivo Lagun Onak es el Club Deportivo de F\u00fatbol de Azpeitia. El a\u00f1o 1944 se fund\u00f3 el Lagun Onak oficialmente. Con antelaci\u00f3n, equipos de f\u00fatbol no federados, exhibieron el mismo nombre en Azpeitia. De la misma forma que, mucho antes, durante los a\u00f1os veinte, existi\u00f3 un equipo denominado Uni\u00f3n azpeitiana. Su primera temporada [&hellip;]","og_url":"https:\/\/lagunonak.eus\/es\/club\/historia\/","og_site_name":"Lagun Onak Futbol Taldea","article_modified_time":"2023-12-22T20:06:27+00:00","og_image":[{"width":1920,"height":320,"url":"https:\/\/lagunonak.eus\/wp-content\/uploads\/2023\/12\/goiburu_legala.png","type":"image\/png"}],"twitter_card":"summary_large_image","twitter_misc":{"Est. reading time":"7 minutes"},"schema":{"@context":"https:\/\/schema.org","@graph":[{"@type":"WebPage","@id":"https:\/\/lagunonak.eus\/es\/club\/historia\/","url":"https:\/\/lagunonak.eus\/es\/club\/historia\/","name":"Historia - Lagun Onak Futbol Taldea","isPartOf":{"@id":"https:\/\/lagunonak.eus\/es\/#website"},"primaryImageOfPage":{"@id":"https:\/\/lagunonak.eus\/es\/club\/historia\/#primaryimage"},"image":{"@id":"https:\/\/lagunonak.eus\/es\/club\/historia\/#primaryimage"},"thumbnailUrl":"https:\/\/lagunonak.eus\/wp-content\/uploads\/2023\/12\/goiburu_legala.png","datePublished":"2023-12-21T14:47:23+00:00","dateModified":"2023-12-22T20:06:27+00:00","breadcrumb":{"@id":"https:\/\/lagunonak.eus\/es\/club\/historia\/#breadcrumb"},"inLanguage":"es-ES","potentialAction":[{"@type":"ReadAction","target":["https:\/\/lagunonak.eus\/es\/club\/historia\/"]}]},{"@type":"ImageObject","inLanguage":"es-ES","@id":"https:\/\/lagunonak.eus\/es\/club\/historia\/#primaryimage","url":"https:\/\/lagunonak.eus\/wp-content\/uploads\/2023\/12\/goiburu_legala.png","contentUrl":"https:\/\/lagunonak.eus\/wp-content\/uploads\/2023\/12\/goiburu_legala.png","width":1920,"height":320},{"@type":"BreadcrumbList","@id":"https:\/\/lagunonak.eus\/es\/club\/historia\/#breadcrumb","itemListElement":[{"@type":"ListItem","position":1,"name":"Home","item":"https:\/\/lagunonak.eus\/es\/"},{"@type":"ListItem","position":2,"name":"Historia"}]},{"@type":"WebSite","@id":"https:\/\/lagunonak.eus\/es\/#website","url":"https:\/\/lagunonak.eus\/es\/","name":"Lagun Onak Futbol Taldea","description":"","publisher":{"@id":"https:\/\/lagunonak.eus\/es\/#organization"},"potentialAction":[{"@type":"SearchAction","target":{"@type":"EntryPoint","urlTemplate":"https:\/\/lagunonak.eus\/es\/?s={search_term_string}"},"query-input":{"@type":"PropertyValueSpecification","valueRequired":true,"valueName":"search_term_string"}}],"inLanguage":"es-ES"},{"@type":"Organization","@id":"https:\/\/lagunonak.eus\/es\/#organization","name":"Lagun Onak Futbol Taldea","url":"https:\/\/lagunonak.eus\/es\/","logo":{"@type":"ImageObject","inLanguage":"es-ES","@id":"https:\/\/lagunonak.eus\/es\/#\/schema\/logo\/image\/","url":"https:\/\/lagunonak.eus\/wp-content\/uploads\/2023\/11\/LagunOnakLogoa.png","contentUrl":"https:\/\/lagunonak.eus\/wp-content\/uploads\/2023\/11\/LagunOnakLogoa.png","width":350,"height":100,"caption":"Lagun Onak Futbol Taldea"},"image":{"@id":"https:\/\/lagunonak.eus\/es\/#\/schema\/logo\/image\/"}}]}},"_links":{"self":[{"href":"https:\/\/lagunonak.eus\/es\/wp-json\/wp\/v2\/pages\/297","targetHints":{"allow":["GET"]}}],"collection":[{"href":"https:\/\/lagunonak.eus\/es\/wp-json\/wp\/v2\/pages"}],"about":[{"href":"https:\/\/lagunonak.eus\/es\/wp-json\/wp\/v2\/types\/page"}],"author":[{"embeddable":true,"href":"https:\/\/lagunonak.eus\/es\/wp-json\/wp\/v2\/users\/1"}],"replies":[{"embeddable":true,"href":"https:\/\/lagunonak.eus\/es\/wp-json\/wp\/v2\/comments?post=297"}],"version-history":[{"count":13,"href":"https:\/\/lagunonak.eus\/es\/wp-json\/wp\/v2\/pages\/297\/revisions"}],"predecessor-version":[{"id":433,"href":"https:\/\/lagunonak.eus\/es\/wp-json\/wp\/v2\/pages\/297\/revisions\/433"}],"up":[{"embeddable":true,"href":"https:\/\/lagunonak.eus\/es\/wp-json\/wp\/v2\/pages\/310"}],"wp:featuredmedia":[{"embeddable":true,"href":"https:\/\/lagunonak.eus\/es\/wp-json\/wp\/v2\/media\/246"}],"wp:attachment":[{"href":"https:\/\/lagunonak.eus\/es\/wp-json\/wp\/v2\/media?parent=297"}],"curies":[{"name":"wp","href":"https:\/\/api.w.org\/{rel}","templated":true}]}}