{"id":327,"date":"2023-12-21T18:00:13","date_gmt":"2023-12-21T16:00:13","guid":{"rendered":"https:\/\/lagunonak.eus\/?page_id=327"},"modified":"2023-12-21T18:00:13","modified_gmt":"2023-12-21T16:00:13","slug":"instalaciones-deportivas","status":"publish","type":"page","link":"https:\/\/lagunonak.eus\/es\/club\/instalaciones-deportivas\/","title":{"rendered":"Instalaciones deportivas"},"content":{"rendered":"<div class=\"guneak\">\n<div class=\"row\">\n<div class=\"col-lg-4 md-6\">\n<div class=\"box\">\n<img loading=\"lazy\" decoding=\"async\" class=\"alignnone wp-image-182 size-full\" src=\"https:\/\/lagunonak.eus\/wp-content\/uploads\/2023\/12\/Futbol_Zelaia_Garmendipe.jpg\" alt=\"Garmendipe Futbol Zelaia Lagun Onak Azpeitia\" width=\"1500\" height=\"796\" srcset=\"https:\/\/lagunonak.eus\/wp-content\/uploads\/2023\/12\/Futbol_Zelaia_Garmendipe.jpg 1500w, https:\/\/lagunonak.eus\/wp-content\/uploads\/2023\/12\/Futbol_Zelaia_Garmendipe-300x159.jpg 300w, https:\/\/lagunonak.eus\/wp-content\/uploads\/2023\/12\/Futbol_Zelaia_Garmendipe-1024x543.jpg 1024w, https:\/\/lagunonak.eus\/wp-content\/uploads\/2023\/12\/Futbol_Zelaia_Garmendipe-768x408.jpg 768w\" sizes=\"auto, (max-width: 1500px) 100vw, 1500px\" \/>\n<p>Campo f\u00fatbol oficial: <em>Garmendipe.<\/em> Campo de hierba natural. Dimensiones: 60x100m<sup>2<\/sup>. Luz artificial disponible. Inaugurado el 1946\/06\/23<\/p>\n<\/div>\n<\/div>\n<div class=\"col-lg-4 md-6\">\n<div class=\"box\">\n<img loading=\"lazy\" decoding=\"async\" class=\"alignnone wp-image-183 size-full\" src=\"https:\/\/lagunonak.eus\/wp-content\/uploads\/2023\/12\/Futbol_Zelaia_Garmendipe_1_Anexoa.jpg\" alt=\"Futbol Zelaia Garmendipe 1 Anexoa\" width=\"1500\" height=\"796\" srcset=\"https:\/\/lagunonak.eus\/wp-content\/uploads\/2023\/12\/Futbol_Zelaia_Garmendipe_1_Anexoa.jpg 1500w, https:\/\/lagunonak.eus\/wp-content\/uploads\/2023\/12\/Futbol_Zelaia_Garmendipe_1_Anexoa-300x159.jpg 300w, https:\/\/lagunonak.eus\/wp-content\/uploads\/2023\/12\/Futbol_Zelaia_Garmendipe_1_Anexoa-1024x543.jpg 1024w, https:\/\/lagunonak.eus\/wp-content\/uploads\/2023\/12\/Futbol_Zelaia_Garmendipe_1_Anexoa-768x408.jpg 768w\" sizes=\"auto, (max-width: 1500px) 100vw, 1500px\" \/>\n<p>Campo f\u00fatbol artificial:<em>Garmendipe<\/em> (Anexo 1). Dimensiones: 60x100m<sup>2<\/sup>. Partidos escolares y de categor\u00eda regional. Luz artificial disponible<\/p>\n<\/div>\n<\/div>\n<div class=\"col-lg-4 md-6\">\n<div class=\"box\">\n<img loading=\"lazy\" decoding=\"async\" class=\"alignnone wp-image-134 size-full\" src=\"https:\/\/lagunonak.eus\/wp-content\/uploads\/2023\/12\/eb28b4979aeb899c621b4d12e8d28af6.jpg\" alt=\"\" width=\"870\" height=\"300\" srcset=\"https:\/\/lagunonak.eus\/wp-content\/uploads\/2023\/12\/eb28b4979aeb899c621b4d12e8d28af6.jpg 870w, https:\/\/lagunonak.eus\/wp-content\/uploads\/2023\/12\/eb28b4979aeb899c621b4d12e8d28af6-300x103.jpg 300w, https:\/\/lagunonak.eus\/wp-content\/uploads\/2023\/12\/eb28b4979aeb899c621b4d12e8d28af6-768x265.jpg 768w\" sizes=\"auto, (max-width: 870px) 100vw, 870px\" \/>\n<p>Campo f\u00fatbol artificial:\u00a0Garmendipe (Anexo 2)\u00a0Dimensiones: 46x92m<sup>2<\/sup>. Partidos escolares. Luz artificial disponible. Inaugurado el 27\/12\/2013<\/p>\n<\/div>\n<\/div>\n<\/div>\n<\/div>\n<div class=\"mapa\"><iframe loading=\"lazy\" style=\"border: 0;\" src=\"https:\/\/www.google.com\/maps\/embed?pb=!1m19!1m8!1m3!1d1276.4389316013044!2d-2.262975687017081!3d43.17872247223178!3m2!1i1024!2i768!4f13.1!4m8!3e0!4m0!4m5!1s0xd51cd0323c7195b%3A0x9cfec9bac1b0bcaf!2sAv.%20Harzubia%2C%201%2C%2020730%20Azpeitia%2C%20Gipuzkoa%2C%20Espa%C3%B1a!3m2!1d43.182426299999996!2d-2.2658473999999997!5e1!3m2!1ses!2sus!4v1703068274397!5m2!1ses!2sus\" width=\"600\" height=\"450\" allowfullscreen=\"allowfullscreen\" data-mce-fragment=\"1\"><\/iframe><\/div>\n","protected":false},"excerpt":{"rendered":"<p>Campo f\u00fatbol oficial: Garmendipe. Campo de hierba natural. Dimensiones: 60x100m2. Luz artificial disponible. Inaugurado el 1946\/06\/23 Campo f\u00fatbol artificial:Garmendipe (Anexo 1). Dimensiones: 60x100m2. Partidos escolares y de categor\u00eda regional. Luz artificial disponible Campo f\u00fatbol artificial:\u00a0Garmendipe (Anexo 2)\u00a0Dimensiones: 46x92m2. Partidos escolares. Luz artificial disponible. Inaugurado el 27\/12\/2013<\/p>\n","protected":false},"author":1,"featured_media":246,"parent":310,"menu_order":0,"comment_status":"closed","ping_status":"closed","template":"template-legala.php","meta":{"_acf_changed":false,"footnotes":""},"class_list":["post-327","page","type-page","status-publish","has-post-thumbnail","hentry"],"acf":[],"yoast_head":"<!-- This site is optimized with the Yoast SEO plugin v26.3 - https:\/\/yoast.com\/wordpress\/plugins\/seo\/ -->\n<title>Instalaciones deportivas - Lagun Onak Futbol Taldea<\/title>\n<meta name=\"robots\" content=\"index, follow, max-snippet:-1, max-image-preview:large, max-video-preview:-1\" \/>\n<link rel=\"canonical\" href=\"https:\/\/lagunonak.eus\/es\/club\/instalaciones-deportivas\/\" \/>\n<meta property=\"og:locale\" content=\"es_ES\" \/>\n<meta property=\"og:type\" content=\"article\" \/>\n<meta property=\"og:title\" content=\"Instalaciones deportivas - Lagun Onak Futbol Taldea\" \/>\n<meta property=\"og:description\" content=\"Campo f\u00fatbol oficial: Garmendipe. Campo de hierba natural. Dimensiones: 60x100m2. Luz artificial disponible. Inaugurado el 1946\/06\/23 Campo f\u00fatbol artificial:Garmendipe (Anexo 1). Dimensiones: 60x100m2. Partidos escolares y de categor\u00eda regional. Luz artificial disponible Campo f\u00fatbol artificial:\u00a0Garmendipe (Anexo 2)\u00a0Dimensiones: 46x92m2. Partidos escolares. Luz artificial disponible. Inaugurado el 27\/12\/2013\" \/>\n<meta property=\"og:url\" content=\"https:\/\/lagunonak.eus\/es\/club\/instalaciones-deportivas\/\" \/>\n<meta property=\"og:site_name\" content=\"Lagun Onak Futbol Taldea\" \/>\n<meta property=\"og:image\" content=\"https:\/\/lagunonak.eus\/wp-content\/uploads\/2023\/12\/goiburu_legala.png\" \/>\n\t<meta property=\"og:image:width\" content=\"1920\" \/>\n\t<meta property=\"og:image:height\" content=\"320\" \/>\n\t<meta property=\"og:image:type\" content=\"image\/png\" \/>\n<meta name=\"twitter:card\" content=\"summary_large_image\" \/>\n<meta name=\"twitter:label1\" content=\"Est. reading time\" \/>\n\t<meta name=\"twitter:data1\" content=\"1 minute\" \/>\n<script type=\"application\/ld+json\" class=\"yoast-schema-graph\">{\"@context\":\"https:\/\/schema.org\",\"@graph\":[{\"@type\":\"WebPage\",\"@id\":\"https:\/\/lagunonak.eus\/es\/club\/instalaciones-deportivas\/\",\"url\":\"https:\/\/lagunonak.eus\/es\/club\/instalaciones-deportivas\/\",\"name\":\"Instalaciones deportivas - Lagun Onak Futbol Taldea\",\"isPartOf\":{\"@id\":\"https:\/\/lagunonak.eus\/es\/#website\"},\"primaryImageOfPage\":{\"@id\":\"https:\/\/lagunonak.eus\/es\/club\/instalaciones-deportivas\/#primaryimage\"},\"image\":{\"@id\":\"https:\/\/lagunonak.eus\/es\/club\/instalaciones-deportivas\/#primaryimage\"},\"thumbnailUrl\":\"https:\/\/lagunonak.eus\/wp-content\/uploads\/2023\/12\/goiburu_legala.png\",\"datePublished\":\"2023-12-21T16:00:13+00:00\",\"breadcrumb\":{\"@id\":\"https:\/\/lagunonak.eus\/es\/club\/instalaciones-deportivas\/#breadcrumb\"},\"inLanguage\":\"es-ES\",\"potentialAction\":[{\"@type\":\"ReadAction\",\"target\":[\"https:\/\/lagunonak.eus\/es\/club\/instalaciones-deportivas\/\"]}]},{\"@type\":\"ImageObject\",\"inLanguage\":\"es-ES\",\"@id\":\"https:\/\/lagunonak.eus\/es\/club\/instalaciones-deportivas\/#primaryimage\",\"url\":\"https:\/\/lagunonak.eus\/wp-content\/uploads\/2023\/12\/goiburu_legala.png\",\"contentUrl\":\"https:\/\/lagunonak.eus\/wp-content\/uploads\/2023\/12\/goiburu_legala.png\",\"width\":1920,\"height\":320},{\"@type\":\"BreadcrumbList\",\"@id\":\"https:\/\/lagunonak.eus\/es\/club\/instalaciones-deportivas\/#breadcrumb\",\"itemListElement\":[{\"@type\":\"ListItem\",\"position\":1,\"name\":\"Home\",\"item\":\"https:\/\/lagunonak.eus\/es\/\"},{\"@type\":\"ListItem\",\"position\":2,\"name\":\"Club\",\"item\":\"https:\/\/lagunonak.eus\/es\/club\/\"},{\"@type\":\"ListItem\",\"position\":3,\"name\":\"Instalaciones deportivas\"}]},{\"@type\":\"WebSite\",\"@id\":\"https:\/\/lagunonak.eus\/es\/#website\",\"url\":\"https:\/\/lagunonak.eus\/es\/\",\"name\":\"Lagun Onak Futbol Taldea\",\"description\":\"\",\"publisher\":{\"@id\":\"https:\/\/lagunonak.eus\/es\/#organization\"},\"potentialAction\":[{\"@type\":\"SearchAction\",\"target\":{\"@type\":\"EntryPoint\",\"urlTemplate\":\"https:\/\/lagunonak.eus\/es\/?s={search_term_string}\"},\"query-input\":{\"@type\":\"PropertyValueSpecification\",\"valueRequired\":true,\"valueName\":\"search_term_string\"}}],\"inLanguage\":\"es-ES\"},{\"@type\":\"Organization\",\"@id\":\"https:\/\/lagunonak.eus\/es\/#organization\",\"name\":\"Lagun Onak Futbol Taldea\",\"url\":\"https:\/\/lagunonak.eus\/es\/\",\"logo\":{\"@type\":\"ImageObject\",\"inLanguage\":\"es-ES\",\"@id\":\"https:\/\/lagunonak.eus\/es\/#\/schema\/logo\/image\/\",\"url\":\"https:\/\/lagunonak.eus\/wp-content\/uploads\/2023\/11\/LagunOnakLogoa.png\",\"contentUrl\":\"https:\/\/lagunonak.eus\/wp-content\/uploads\/2023\/11\/LagunOnakLogoa.png\",\"width\":350,\"height\":100,\"caption\":\"Lagun Onak Futbol Taldea\"},\"image\":{\"@id\":\"https:\/\/lagunonak.eus\/es\/#\/schema\/logo\/image\/\"}}]}<\/script>\n<!-- \/ Yoast SEO plugin. -->","yoast_head_json":{"title":"Instalaciones deportivas - Lagun Onak Futbol Taldea","robots":{"index":"index","follow":"follow","max-snippet":"max-snippet:-1","max-image-preview":"max-image-preview:large","max-video-preview":"max-video-preview:-1"},"canonical":"https:\/\/lagunonak.eus\/es\/club\/instalaciones-deportivas\/","og_locale":"es_ES","og_type":"article","og_title":"Instalaciones deportivas - Lagun Onak Futbol Taldea","og_description":"Campo f\u00fatbol oficial: Garmendipe. Campo de hierba natural. Dimensiones: 60x100m2. Luz artificial disponible. Inaugurado el 1946\/06\/23 Campo f\u00fatbol artificial:Garmendipe (Anexo 1). Dimensiones: 60x100m2. Partidos escolares y de categor\u00eda regional. Luz artificial disponible Campo f\u00fatbol artificial:\u00a0Garmendipe (Anexo 2)\u00a0Dimensiones: 46x92m2. Partidos escolares. Luz artificial disponible. Inaugurado el 27\/12\/2013","og_url":"https:\/\/lagunonak.eus\/es\/club\/instalaciones-deportivas\/","og_site_name":"Lagun Onak Futbol Taldea","og_image":[{"width":1920,"height":320,"url":"https:\/\/lagunonak.eus\/wp-content\/uploads\/2023\/12\/goiburu_legala.png","type":"image\/png"}],"twitter_card":"summary_large_image","twitter_misc":{"Est. reading time":"1 minute"},"schema":{"@context":"https:\/\/schema.org","@graph":[{"@type":"WebPage","@id":"https:\/\/lagunonak.eus\/es\/club\/instalaciones-deportivas\/","url":"https:\/\/lagunonak.eus\/es\/club\/instalaciones-deportivas\/","name":"Instalaciones deportivas - Lagun Onak Futbol Taldea","isPartOf":{"@id":"https:\/\/lagunonak.eus\/es\/#website"},"primaryImageOfPage":{"@id":"https:\/\/lagunonak.eus\/es\/club\/instalaciones-deportivas\/#primaryimage"},"image":{"@id":"https:\/\/lagunonak.eus\/es\/club\/instalaciones-deportivas\/#primaryimage"},"thumbnailUrl":"https:\/\/lagunonak.eus\/wp-content\/uploads\/2023\/12\/goiburu_legala.png","datePublished":"2023-12-21T16:00:13+00:00","breadcrumb":{"@id":"https:\/\/lagunonak.eus\/es\/club\/instalaciones-deportivas\/#breadcrumb"},"inLanguage":"es-ES","potentialAction":[{"@type":"ReadAction","target":["https:\/\/lagunonak.eus\/es\/club\/instalaciones-deportivas\/"]}]},{"@type":"ImageObject","inLanguage":"es-ES","@id":"https:\/\/lagunonak.eus\/es\/club\/instalaciones-deportivas\/#primaryimage","url":"https:\/\/lagunonak.eus\/wp-content\/uploads\/2023\/12\/goiburu_legala.png","contentUrl":"https:\/\/lagunonak.eus\/wp-content\/uploads\/2023\/12\/goiburu_legala.png","width":1920,"height":320},{"@type":"BreadcrumbList","@id":"https:\/\/lagunonak.eus\/es\/club\/instalaciones-deportivas\/#breadcrumb","itemListElement":[{"@type":"ListItem","position":1,"name":"Home","item":"https:\/\/lagunonak.eus\/es\/"},{"@type":"ListItem","position":2,"name":"Club","item":"https:\/\/lagunonak.eus\/es\/club\/"},{"@type":"ListItem","position":3,"name":"Instalaciones deportivas"}]},{"@type":"WebSite","@id":"https:\/\/lagunonak.eus\/es\/#website","url":"https:\/\/lagunonak.eus\/es\/","name":"Lagun Onak Futbol Taldea","description":"","publisher":{"@id":"https:\/\/lagunonak.eus\/es\/#organization"},"potentialAction":[{"@type":"SearchAction","target":{"@type":"EntryPoint","urlTemplate":"https:\/\/lagunonak.eus\/es\/?s={search_term_string}"},"query-input":{"@type":"PropertyValueSpecification","valueRequired":true,"valueName":"search_term_string"}}],"inLanguage":"es-ES"},{"@type":"Organization","@id":"https:\/\/lagunonak.eus\/es\/#organization","name":"Lagun Onak Futbol Taldea","url":"https:\/\/lagunonak.eus\/es\/","logo":{"@type":"ImageObject","inLanguage":"es-ES","@id":"https:\/\/lagunonak.eus\/es\/#\/schema\/logo\/image\/","url":"https:\/\/lagunonak.eus\/wp-content\/uploads\/2023\/11\/LagunOnakLogoa.png","contentUrl":"https:\/\/lagunonak.eus\/wp-content\/uploads\/2023\/11\/LagunOnakLogoa.png","width":350,"height":100,"caption":"Lagun Onak Futbol Taldea"},"image":{"@id":"https:\/\/lagunonak.eus\/es\/#\/schema\/logo\/image\/"}}]}},"_links":{"self":[{"href":"https:\/\/lagunonak.eus\/es\/wp-json\/wp\/v2\/pages\/327","targetHints":{"allow":["GET"]}}],"collection":[{"href":"https:\/\/lagunonak.eus\/es\/wp-json\/wp\/v2\/pages"}],"about":[{"href":"https:\/\/lagunonak.eus\/es\/wp-json\/wp\/v2\/types\/page"}],"author":[{"embeddable":true,"href":"https:\/\/lagunonak.eus\/es\/wp-json\/wp\/v2\/users\/1"}],"replies":[{"embeddable":true,"href":"https:\/\/lagunonak.eus\/es\/wp-json\/wp\/v2\/comments?post=327"}],"version-history":[{"count":1,"href":"https:\/\/lagunonak.eus\/es\/wp-json\/wp\/v2\/pages\/327\/revisions"}],"predecessor-version":[{"id":328,"href":"https:\/\/lagunonak.eus\/es\/wp-json\/wp\/v2\/pages\/327\/revisions\/328"}],"up":[{"embeddable":true,"href":"https:\/\/lagunonak.eus\/es\/wp-json\/wp\/v2\/pages\/310"}],"wp:featuredmedia":[{"embeddable":true,"href":"https:\/\/lagunonak.eus\/es\/wp-json\/wp\/v2\/media\/246"}],"wp:attachment":[{"href":"https:\/\/lagunonak.eus\/es\/wp-json\/wp\/v2\/media?parent=327"}],"curies":[{"name":"wp","href":"https:\/\/api.w.org\/{rel}","templated":true}]}}