{"id":374,"date":"2023-12-21T18:43:57","date_gmt":"2023-12-21T16:43:57","guid":{"rendered":"https:\/\/lagunonak.eus\/?page_id=374"},"modified":"2023-12-21T18:43:57","modified_gmt":"2023-12-21T16:43:57","slug":"palmares","status":"publish","type":"page","link":"https:\/\/lagunonak.eus\/es\/palmares\/","title":{"rendered":"Palmar\u00e9s"},"content":{"rendered":"<h2>2009. urtera arte bildutako Lagun Onak futbol taldearen palmaresak<\/h2>\n<table class=\"table table-striped table-hover\">\n<tbody>\n<tr>\n<th>Urtea<\/th>\n<th>Gertaera<\/th>\n<\/tr>\n<tr>\n<td>2008-2009<\/td>\n<td>Campe\u00f3n de 3. Divisi\u00f3n tras ganar 0-2 al Portugalete (16\/052009)<\/td>\n<\/tr>\n<tr>\n<td>2001-2002<\/td>\n<td>Asciende a 3. Divisi\u00f3n tras ganar al Zarautz 1-2 en Asti<\/td>\n<\/tr>\n<tr>\n<td>2000-2001<\/td>\n<td>Desciende de 3. Divisi\u00f3n a Regional Preferente<\/td>\n<\/tr>\n<tr>\n<td>1994-1995<\/td>\n<td>Campe\u00f3n de Regional Preferente. Asciende a 3. Divisi\u00f3n<\/td>\n<\/tr>\n<tr>\n<td>1992-1993<\/td>\n<td>Juveniles. Ascenso a la Liga Nacional Auton\u00f3mica<\/td>\n<\/tr>\n<tr>\n<td>1992-1993<\/td>\n<td>Descenso de Tercera Divisi\u00f3n a Regional Preferente<\/td>\n<\/tr>\n<tr>\n<td>1991-1992<\/td>\n<td>Juveniles. Ascenso a la Liga Vasca Juvenil<\/td>\n<\/tr>\n<tr>\n<td>1990-1991<\/td>\n<td>Ascenso a Tercera Divisi\u00f3n<\/td>\n<\/tr>\n<tr>\n<td>1982-1983<\/td>\n<td>Subcampe\u00f3n Copa de Aficionados<\/td>\n<\/tr>\n<tr>\n<td>1988-1989<\/td>\n<td>Juvenil. Ascenso a la Liga de Honor<\/td>\n<\/tr>\n<tr>\n<td>1982-1983<\/td>\n<td>Descenso de Tercera Divisi\u00f3n a Regional Preferente<\/td>\n<\/tr>\n<tr>\n<td>1978-1979<\/td>\n<td>Juveniles. Campeones en Segunda y ascenso a la Primera Juvenil<\/td>\n<\/tr>\n<tr>\n<td>26\/06\/1978<\/td>\n<td>Campe\u00f3n de Copa de Gipuzkoa<\/td>\n<\/tr>\n<tr>\n<td>1977-1978<\/td>\n<td>Ascenso a Tercera Divisi\u00f3n<\/td>\n<\/tr>\n<tr>\n<td>1976-1977<\/td>\n<td>Descenso de Tercera Divisi\u00f3n a Regional Preferente tras el partido de promoci\u00f3n contra el Montijo de Badajoz<\/td>\n<\/tr>\n<tr>\n<td>1975-1976<\/td>\n<td>Se participa en la &#8220;Copa del General\u00edsimo&#8221; quedando eliminado por el Tenerife, l\u00edder de Segunda Divisi\u00f3n, que elimin\u00f3 al Real Madrid en la siguiente eliminatoria<\/td>\n<\/tr>\n<tr>\n<td>1975-1976<\/td>\n<td>Se mantiene la categoria tras el partido de promoci\u00f3n por la pemanencia en Tercera Divisi\u00f3n contra el Torres de Cotillas (Murcia)<\/td>\n<\/tr>\n<tr>\n<td>1974-1975<\/td>\n<td>Juveniles. Primera participaci\u00f3n en el Campeonato de Espa\u00f1a<\/td>\n<\/tr>\n<tr>\n<td>1974-1975<\/td>\n<td>Juveniles. Subcampeones Primera Juvenil<\/td>\n<\/tr>\n<tr>\n<td>25\/05\/1973<\/td>\n<td>Ascenso por primera vez a Tercera Divisi\u00f3n<\/td>\n<\/tr>\n<tr>\n<td>1972-1973<\/td>\n<td>Juveniles. Subcampeones Copa Presidente<\/td>\n<\/tr>\n<tr>\n<td>1968-1969<\/td>\n<td>Juveniles. Subcampeones Copa Presidente<\/td>\n<\/tr>\n<tr>\n<td>1964-1965<\/td>\n<td>Juveniles. Subcampeones Copa Presidente<\/td>\n<\/tr>\n<tr>\n<td>02\/01\/1949<\/td>\n<td>Subcampe\u00f3n Copa de Aficionados<\/td>\n<\/tr>\n<tr>\n<td>30\/11\/1948<\/td>\n<td>Campe\u00f3n Copa de Chile<\/td>\n<\/tr>\n<td>14\/03\/1948<\/td>\n<td>Campe\u00f3n Copa de Aficionados en Atocha<\/td>\n<\/tr>\n<\/tbody>\n<\/table>\n","protected":false},"excerpt":{"rendered":"<p>2009. urtera arte bildutako Lagun Onak futbol taldearen palmaresak Urtea Gertaera 2008-2009 Campe\u00f3n de 3. Divisi\u00f3n tras ganar 0-2 al Portugalete (16\/052009) 2001-2002 Asciende a 3. Divisi\u00f3n tras ganar al Zarautz 1-2 en Asti 2000-2001 Desciende de 3. Divisi\u00f3n a Regional Preferente 1994-1995 Campe\u00f3n de Regional Preferente. Asciende a 3. Divisi\u00f3n 1992-1993 Juveniles. Ascenso a [&hellip;]<\/p>\n","protected":false},"author":1,"featured_media":246,"parent":0,"menu_order":0,"comment_status":"closed","ping_status":"closed","template":"template-legala.php","meta":{"_acf_changed":false,"footnotes":""},"class_list":["post-374","page","type-page","status-publish","has-post-thumbnail","hentry"],"acf":[],"yoast_head":"<!-- This site is optimized with the Yoast SEO plugin v26.3 - https:\/\/yoast.com\/wordpress\/plugins\/seo\/ -->\n<title>Palmar\u00e9s - Lagun Onak Futbol Taldea<\/title>\n<meta name=\"robots\" content=\"index, follow, max-snippet:-1, max-image-preview:large, max-video-preview:-1\" \/>\n<link rel=\"canonical\" href=\"https:\/\/lagunonak.eus\/es\/palmares\/\" \/>\n<meta property=\"og:locale\" content=\"es_ES\" \/>\n<meta property=\"og:type\" content=\"article\" \/>\n<meta property=\"og:title\" content=\"Palmar\u00e9s - Lagun Onak Futbol Taldea\" \/>\n<meta property=\"og:description\" content=\"2009. urtera arte bildutako Lagun Onak futbol taldearen palmaresak Urtea Gertaera 2008-2009 Campe\u00f3n de 3. Divisi\u00f3n tras ganar 0-2 al Portugalete (16\/052009) 2001-2002 Asciende a 3. Divisi\u00f3n tras ganar al Zarautz 1-2 en Asti 2000-2001 Desciende de 3. Divisi\u00f3n a Regional Preferente 1994-1995 Campe\u00f3n de Regional Preferente. Asciende a 3. Divisi\u00f3n 1992-1993 Juveniles. Ascenso a [&hellip;]\" \/>\n<meta property=\"og:url\" content=\"https:\/\/lagunonak.eus\/es\/palmares\/\" \/>\n<meta property=\"og:site_name\" content=\"Lagun Onak Futbol Taldea\" \/>\n<meta property=\"og:image\" content=\"https:\/\/lagunonak.eus\/wp-content\/uploads\/2023\/12\/goiburu_legala.png\" \/>\n\t<meta property=\"og:image:width\" content=\"1920\" \/>\n\t<meta property=\"og:image:height\" content=\"320\" \/>\n\t<meta property=\"og:image:type\" content=\"image\/png\" \/>\n<meta name=\"twitter:card\" content=\"summary_large_image\" \/>\n<script type=\"application\/ld+json\" class=\"yoast-schema-graph\">{\"@context\":\"https:\/\/schema.org\",\"@graph\":[{\"@type\":\"WebPage\",\"@id\":\"https:\/\/lagunonak.eus\/es\/palmares\/\",\"url\":\"https:\/\/lagunonak.eus\/es\/palmares\/\",\"name\":\"Palmar\u00e9s - Lagun Onak Futbol Taldea\",\"isPartOf\":{\"@id\":\"https:\/\/lagunonak.eus\/es\/#website\"},\"primaryImageOfPage\":{\"@id\":\"https:\/\/lagunonak.eus\/es\/palmares\/#primaryimage\"},\"image\":{\"@id\":\"https:\/\/lagunonak.eus\/es\/palmares\/#primaryimage\"},\"thumbnailUrl\":\"https:\/\/lagunonak.eus\/wp-content\/uploads\/2023\/12\/goiburu_legala.png\",\"datePublished\":\"2023-12-21T16:43:57+00:00\",\"breadcrumb\":{\"@id\":\"https:\/\/lagunonak.eus\/es\/palmares\/#breadcrumb\"},\"inLanguage\":\"es-ES\",\"potentialAction\":[{\"@type\":\"ReadAction\",\"target\":[\"https:\/\/lagunonak.eus\/es\/palmares\/\"]}]},{\"@type\":\"ImageObject\",\"inLanguage\":\"es-ES\",\"@id\":\"https:\/\/lagunonak.eus\/es\/palmares\/#primaryimage\",\"url\":\"https:\/\/lagunonak.eus\/wp-content\/uploads\/2023\/12\/goiburu_legala.png\",\"contentUrl\":\"https:\/\/lagunonak.eus\/wp-content\/uploads\/2023\/12\/goiburu_legala.png\",\"width\":1920,\"height\":320},{\"@type\":\"BreadcrumbList\",\"@id\":\"https:\/\/lagunonak.eus\/es\/palmares\/#breadcrumb\",\"itemListElement\":[{\"@type\":\"ListItem\",\"position\":1,\"name\":\"Home\",\"item\":\"https:\/\/lagunonak.eus\/es\/\"},{\"@type\":\"ListItem\",\"position\":2,\"name\":\"Palmar\u00e9s\"}]},{\"@type\":\"WebSite\",\"@id\":\"https:\/\/lagunonak.eus\/es\/#website\",\"url\":\"https:\/\/lagunonak.eus\/es\/\",\"name\":\"Lagun Onak Futbol Taldea\",\"description\":\"\",\"publisher\":{\"@id\":\"https:\/\/lagunonak.eus\/es\/#organization\"},\"potentialAction\":[{\"@type\":\"SearchAction\",\"target\":{\"@type\":\"EntryPoint\",\"urlTemplate\":\"https:\/\/lagunonak.eus\/es\/?s={search_term_string}\"},\"query-input\":{\"@type\":\"PropertyValueSpecification\",\"valueRequired\":true,\"valueName\":\"search_term_string\"}}],\"inLanguage\":\"es-ES\"},{\"@type\":\"Organization\",\"@id\":\"https:\/\/lagunonak.eus\/es\/#organization\",\"name\":\"Lagun Onak Futbol Taldea\",\"url\":\"https:\/\/lagunonak.eus\/es\/\",\"logo\":{\"@type\":\"ImageObject\",\"inLanguage\":\"es-ES\",\"@id\":\"https:\/\/lagunonak.eus\/es\/#\/schema\/logo\/image\/\",\"url\":\"https:\/\/lagunonak.eus\/wp-content\/uploads\/2023\/11\/LagunOnakLogoa.png\",\"contentUrl\":\"https:\/\/lagunonak.eus\/wp-content\/uploads\/2023\/11\/LagunOnakLogoa.png\",\"width\":350,\"height\":100,\"caption\":\"Lagun Onak Futbol Taldea\"},\"image\":{\"@id\":\"https:\/\/lagunonak.eus\/es\/#\/schema\/logo\/image\/\"}}]}<\/script>\n<!-- \/ Yoast SEO plugin. -->","yoast_head_json":{"title":"Palmar\u00e9s - Lagun Onak Futbol Taldea","robots":{"index":"index","follow":"follow","max-snippet":"max-snippet:-1","max-image-preview":"max-image-preview:large","max-video-preview":"max-video-preview:-1"},"canonical":"https:\/\/lagunonak.eus\/es\/palmares\/","og_locale":"es_ES","og_type":"article","og_title":"Palmar\u00e9s - Lagun Onak Futbol Taldea","og_description":"2009. urtera arte bildutako Lagun Onak futbol taldearen palmaresak Urtea Gertaera 2008-2009 Campe\u00f3n de 3. Divisi\u00f3n tras ganar 0-2 al Portugalete (16\/052009) 2001-2002 Asciende a 3. Divisi\u00f3n tras ganar al Zarautz 1-2 en Asti 2000-2001 Desciende de 3. Divisi\u00f3n a Regional Preferente 1994-1995 Campe\u00f3n de Regional Preferente. Asciende a 3. Divisi\u00f3n 1992-1993 Juveniles. Ascenso a [&hellip;]","og_url":"https:\/\/lagunonak.eus\/es\/palmares\/","og_site_name":"Lagun Onak Futbol Taldea","og_image":[{"width":1920,"height":320,"url":"https:\/\/lagunonak.eus\/wp-content\/uploads\/2023\/12\/goiburu_legala.png","type":"image\/png"}],"twitter_card":"summary_large_image","schema":{"@context":"https:\/\/schema.org","@graph":[{"@type":"WebPage","@id":"https:\/\/lagunonak.eus\/es\/palmares\/","url":"https:\/\/lagunonak.eus\/es\/palmares\/","name":"Palmar\u00e9s - Lagun Onak Futbol Taldea","isPartOf":{"@id":"https:\/\/lagunonak.eus\/es\/#website"},"primaryImageOfPage":{"@id":"https:\/\/lagunonak.eus\/es\/palmares\/#primaryimage"},"image":{"@id":"https:\/\/lagunonak.eus\/es\/palmares\/#primaryimage"},"thumbnailUrl":"https:\/\/lagunonak.eus\/wp-content\/uploads\/2023\/12\/goiburu_legala.png","datePublished":"2023-12-21T16:43:57+00:00","breadcrumb":{"@id":"https:\/\/lagunonak.eus\/es\/palmares\/#breadcrumb"},"inLanguage":"es-ES","potentialAction":[{"@type":"ReadAction","target":["https:\/\/lagunonak.eus\/es\/palmares\/"]}]},{"@type":"ImageObject","inLanguage":"es-ES","@id":"https:\/\/lagunonak.eus\/es\/palmares\/#primaryimage","url":"https:\/\/lagunonak.eus\/wp-content\/uploads\/2023\/12\/goiburu_legala.png","contentUrl":"https:\/\/lagunonak.eus\/wp-content\/uploads\/2023\/12\/goiburu_legala.png","width":1920,"height":320},{"@type":"BreadcrumbList","@id":"https:\/\/lagunonak.eus\/es\/palmares\/#breadcrumb","itemListElement":[{"@type":"ListItem","position":1,"name":"Home","item":"https:\/\/lagunonak.eus\/es\/"},{"@type":"ListItem","position":2,"name":"Palmar\u00e9s"}]},{"@type":"WebSite","@id":"https:\/\/lagunonak.eus\/es\/#website","url":"https:\/\/lagunonak.eus\/es\/","name":"Lagun Onak Futbol Taldea","description":"","publisher":{"@id":"https:\/\/lagunonak.eus\/es\/#organization"},"potentialAction":[{"@type":"SearchAction","target":{"@type":"EntryPoint","urlTemplate":"https:\/\/lagunonak.eus\/es\/?s={search_term_string}"},"query-input":{"@type":"PropertyValueSpecification","valueRequired":true,"valueName":"search_term_string"}}],"inLanguage":"es-ES"},{"@type":"Organization","@id":"https:\/\/lagunonak.eus\/es\/#organization","name":"Lagun Onak Futbol Taldea","url":"https:\/\/lagunonak.eus\/es\/","logo":{"@type":"ImageObject","inLanguage":"es-ES","@id":"https:\/\/lagunonak.eus\/es\/#\/schema\/logo\/image\/","url":"https:\/\/lagunonak.eus\/wp-content\/uploads\/2023\/11\/LagunOnakLogoa.png","contentUrl":"https:\/\/lagunonak.eus\/wp-content\/uploads\/2023\/11\/LagunOnakLogoa.png","width":350,"height":100,"caption":"Lagun Onak Futbol Taldea"},"image":{"@id":"https:\/\/lagunonak.eus\/es\/#\/schema\/logo\/image\/"}}]}},"_links":{"self":[{"href":"https:\/\/lagunonak.eus\/es\/wp-json\/wp\/v2\/pages\/374","targetHints":{"allow":["GET"]}}],"collection":[{"href":"https:\/\/lagunonak.eus\/es\/wp-json\/wp\/v2\/pages"}],"about":[{"href":"https:\/\/lagunonak.eus\/es\/wp-json\/wp\/v2\/types\/page"}],"author":[{"embeddable":true,"href":"https:\/\/lagunonak.eus\/es\/wp-json\/wp\/v2\/users\/1"}],"replies":[{"embeddable":true,"href":"https:\/\/lagunonak.eus\/es\/wp-json\/wp\/v2\/comments?post=374"}],"version-history":[{"count":1,"href":"https:\/\/lagunonak.eus\/es\/wp-json\/wp\/v2\/pages\/374\/revisions"}],"predecessor-version":[{"id":375,"href":"https:\/\/lagunonak.eus\/es\/wp-json\/wp\/v2\/pages\/374\/revisions\/375"}],"wp:featuredmedia":[{"embeddable":true,"href":"https:\/\/lagunonak.eus\/es\/wp-json\/wp\/v2\/media\/246"}],"wp:attachment":[{"href":"https:\/\/lagunonak.eus\/es\/wp-json\/wp\/v2\/media?parent=374"}],"curies":[{"name":"wp","href":"https:\/\/api.w.org\/{rel}","templated":true}]}}